{"id":5925,"date":"2022-07-07T09:05:27","date_gmt":"2022-07-07T09:05:27","guid":{"rendered":"https:\/\/lapetite-patte.com\/?post_type=product&#038;p=5925"},"modified":"2025-06-13T12:49:33","modified_gmt":"2025-06-13T12:49:33","slug":"pack-la-petite-patte","status":"publish","type":"product","link":"https:\/\/lapetite-patte.com\/ar\/product\/pack-la-petite-patte\/","title":{"rendered":"\u062d\u0632\u0645\u0629 \u0644\u0627 \u0628\u062a\u064a\u062a \u0628\u0627\u062a"},"content":{"rendered":"<p>\u0627\u0644\u0645\u062c\u0645\u0648\u0639\u0629 \u0645\u0643\u0648\u0646\u0629 \u0645\u0646 \u0645\u0643\u0648\u0646\u0627\u062a \u0630\u0627\u062a \u0623\u0635\u0644 \u0637\u0628\u064a\u0639\u064a 100\u066a\u060c \u0645\u0646\u062a\u062c\u0627\u062a \u0644\u0627 \u0628\u062a\u064a\u062a \u0628\u0627\u062a \u0644\u0644\u0623\u0637\u0641\u0627\u0644 \u064a\u0645\u0643\u0646 \u0627\u0633\u062a\u062e\u062f\u0627\u0645\u0647\u0627 \u0645\u0646\u0630 \u0627\u0644\u0648\u0644\u0627\u062f\u0629. \u062a\u062d\u062a\u0648\u064a \u0647\u0630\u0647 \u0627\u0644\u0645\u062c\u0645\u0648\u0639\u0629 \u0627\u0644\u0634\u0627\u0645\u0644\u0629 \u0639\u0644\u0649 \u0645\u0646\u062a\u062c\u0627\u062a \u0639\u0646\u0627\u064a\u0629 \u0644\u0646\u0638\u0627\u0641\u0629 \u0637\u0641\u0644\u0643 \u0627\u0644\u064a\u0648\u0645\u064a\u0629.<\/p>","protected":false},"excerpt":{"rendered":"<p>\u0627\u0644\u0645\u062c\u0645\u0648\u0639\u0629 \u0645\u0643\u0648\u0646\u0629 \u0645\u0646 \u0645\u0643\u0648\u0646\u0627\u062a \u0630\u0627\u062a \u0623\u0635\u0644 \u0637\u0628\u064a\u0639\u064a 100\u066a\u060c \u0645\u0646\u062a\u062c\u0627\u062a \u0644\u0627 \u0628\u062a\u064a\u062a \u0628\u0627\u062a \u0644\u0644\u0623\u0637\u0641\u0627\u0644 \u064a\u0645\u0643\u0646 \u0627\u0633\u062a\u062e\u062f\u0627\u0645\u0647\u0627 \u0645\u0646\u0630 \u0627\u0644\u0648\u0644\u0627\u062f\u0629. \u062a\u062d\u062a\u0648\u064a \u0647\u0630\u0647 \u0627\u0644\u0645\u062c\u0645\u0648\u0639\u0629 \u0627\u0644\u0634\u0627\u0645\u0644\u0629 \u0639\u0644\u0649 \u0645\u0646\u062a\u062c\u0627\u062a \u0639\u0646\u0627\u064a\u0629 \u0644\u0646\u0638\u0627\u0641\u0629 \u0637\u0641\u0644\u0643 \u0627\u0644\u064a\u0648\u0645\u064a\u0629.<\/p>","protected":false},"featured_media":6196,"template":"","meta":{"_glsr_average":0,"_glsr_ranking":0,"_glsr_reviews":0},"product_cat":[72],"product_tag":[],"class_list":{"0":"post-5925","1":"product","2":"type-product","3":"status-publish","4":"has-post-thumbnail","6":"product_cat-pack-la-petite-patte","9":"instock","10":"sale","11":"shipping-taxable","12":"purchasable","13":"product-type-simple"},"yoast_head":"<!-- This site is optimized with the Yoast SEO plugin v22.3 - https:\/\/yoast.com\/wordpress\/plugins\/seo\/ -->\n<title>Pack LA PETITE PATTE - LAPETITE PATTE<\/title>\n<meta name=\"robots\" content=\"index, follow, max-snippet:-1, max-image-preview:large, max-video-preview:-1\" \/>\n<link rel=\"canonical\" href=\"https:\/\/lapetite-patte.com\/ar\/product\/pack-la-petite-patte\/\" \/>\n<meta property=\"og:locale\" content=\"ar_AR\" \/>\n<meta property=\"og:type\" content=\"article\" \/>\n<meta property=\"og:title\" content=\"Pack LA PETITE PATTE - LAPETITE PATTE\" \/>\n<meta property=\"og:description\" content=\"La gamme est compos\u00e9e de 100% d\u2019ingr\u00e9dients d\u2019origine naturelle, les produits b\u00e9b\u00e9 et enfant La petite patte peuvent \u00eatre utilis\u00e9s d\u00e8s la naissance. Cette gamme compl\u00e8te comprend des soins pour la toilette quotidienne de votre b\u00e9b\u00e9.\" \/>\n<meta property=\"og:url\" content=\"https:\/\/lapetite-patte.com\/ar\/product\/pack-la-petite-patte\/\" \/>\n<meta property=\"og:site_name\" content=\"LAPETITE PATTE\" \/>\n<meta property=\"article:modified_time\" content=\"2025-06-13T12:49:33+00:00\" \/>\n<meta property=\"og:image\" content=\"https:\/\/lapetite-patte.com\/wp-content\/uploads\/2022\/07\/Pack-Home-Page.jpg\" \/>\n\t<meta property=\"og:image:width\" content=\"961\" \/>\n\t<meta property=\"og:image:height\" content=\"857\" \/>\n\t<meta property=\"og:image:type\" content=\"image\/jpeg\" \/>\n<meta name=\"twitter:card\" content=\"summary_large_image\" \/>\n<meta name=\"twitter:label1\" content=\"Est. reading time\" \/>\n\t<meta name=\"twitter:data1\" content=\"1 minute\" \/>\n<script type=\"application\/ld+json\" class=\"yoast-schema-graph\">{\"@context\":\"https:\/\/schema.org\",\"@graph\":[{\"@type\":\"WebPage\",\"@id\":\"https:\/\/lapetite-patte.com\/produit\/pack-la-petite-patte\/\",\"url\":\"https:\/\/lapetite-patte.com\/produit\/pack-la-petite-patte\/\",\"name\":\"Pack LA PETITE PATTE - LAPETITE PATTE\",\"isPartOf\":{\"@id\":\"https:\/\/lapetite-patte.com\/#website\"},\"primaryImageOfPage\":{\"@id\":\"https:\/\/lapetite-patte.com\/produit\/pack-la-petite-patte\/#primaryimage\"},\"image\":{\"@id\":\"https:\/\/lapetite-patte.com\/produit\/pack-la-petite-patte\/#primaryimage\"},\"thumbnailUrl\":\"https:\/\/lapetite-patte.com\/wp-content\/uploads\/2022\/07\/Pack-Home-Page.jpg\",\"datePublished\":\"2022-07-07T09:05:27+00:00\",\"dateModified\":\"2025-06-13T12:49:33+00:00\",\"breadcrumb\":{\"@id\":\"https:\/\/lapetite-patte.com\/produit\/pack-la-petite-patte\/#breadcrumb\"},\"inLanguage\":\"ary\",\"potentialAction\":[{\"@type\":\"ReadAction\",\"target\":[\"https:\/\/lapetite-patte.com\/produit\/pack-la-petite-patte\/\"]}]},{\"@type\":\"ImageObject\",\"inLanguage\":\"ary\",\"@id\":\"https:\/\/lapetite-patte.com\/produit\/pack-la-petite-patte\/#primaryimage\",\"url\":\"https:\/\/lapetite-patte.com\/wp-content\/uploads\/2022\/07\/Pack-Home-Page.jpg\",\"contentUrl\":\"https:\/\/lapetite-patte.com\/wp-content\/uploads\/2022\/07\/Pack-Home-Page.jpg\",\"width\":961,\"height\":857},{\"@type\":\"BreadcrumbList\",\"@id\":\"https:\/\/lapetite-patte.com\/produit\/pack-la-petite-patte\/#breadcrumb\",\"itemListElement\":[{\"@type\":\"ListItem\",\"position\":1,\"name\":\"Home\",\"item\":\"https:\/\/lapetite-patte.com\/\"},{\"@type\":\"ListItem\",\"position\":2,\"name\":\"Nos produits\",\"item\":\"https:\/\/lapetite-patte.com\/nos-produits\/\"},{\"@type\":\"ListItem\",\"position\":3,\"name\":\"Pack LA PETITE PATTE\"}]},{\"@type\":\"WebSite\",\"@id\":\"https:\/\/lapetite-patte.com\/#website\",\"url\":\"https:\/\/lapetite-patte.com\/\",\"name\":\"LAPETITE PATTE\",\"description\":\"LAPETITE PATTE\",\"potentialAction\":[{\"@type\":\"SearchAction\",\"target\":{\"@type\":\"EntryPoint\",\"urlTemplate\":\"https:\/\/lapetite-patte.com\/?s={search_term_string}\"},\"query-input\":\"required name=search_term_string\"}],\"inLanguage\":\"ary\"}]}<\/script>\n<!-- \/ Yoast SEO plugin. -->","yoast_head_json":{"title":"Pack LA PETITE PATTE - LAPETITE PATTE","robots":{"index":"index","follow":"follow","max-snippet":"max-snippet:-1","max-image-preview":"max-image-preview:large","max-video-preview":"max-video-preview:-1"},"canonical":"https:\/\/lapetite-patte.com\/ar\/product\/pack-la-petite-patte\/","og_locale":"ar_AR","og_type":"article","og_title":"Pack LA PETITE PATTE - LAPETITE PATTE","og_description":"La gamme est compos\u00e9e de 100% d\u2019ingr\u00e9dients d\u2019origine naturelle, les produits b\u00e9b\u00e9 et enfant La petite patte peuvent \u00eatre utilis\u00e9s d\u00e8s la naissance. Cette gamme compl\u00e8te comprend des soins pour la toilette quotidienne de votre b\u00e9b\u00e9.","og_url":"https:\/\/lapetite-patte.com\/ar\/product\/pack-la-petite-patte\/","og_site_name":"LAPETITE PATTE","article_modified_time":"2025-06-13T12:49:33+00:00","og_image":[{"width":961,"height":857,"url":"https:\/\/lapetite-patte.com\/wp-content\/uploads\/2022\/07\/Pack-Home-Page.jpg","type":"image\/jpeg"}],"twitter_card":"summary_large_image","twitter_misc":{"Est. reading time":"1 minute"},"schema":{"@context":"https:\/\/schema.org","@graph":[{"@type":"WebPage","@id":"https:\/\/lapetite-patte.com\/produit\/pack-la-petite-patte\/","url":"https:\/\/lapetite-patte.com\/produit\/pack-la-petite-patte\/","name":"Pack LA PETITE PATTE - LAPETITE PATTE","isPartOf":{"@id":"https:\/\/lapetite-patte.com\/#website"},"primaryImageOfPage":{"@id":"https:\/\/lapetite-patte.com\/produit\/pack-la-petite-patte\/#primaryimage"},"image":{"@id":"https:\/\/lapetite-patte.com\/produit\/pack-la-petite-patte\/#primaryimage"},"thumbnailUrl":"https:\/\/lapetite-patte.com\/wp-content\/uploads\/2022\/07\/Pack-Home-Page.jpg","datePublished":"2022-07-07T09:05:27+00:00","dateModified":"2025-06-13T12:49:33+00:00","breadcrumb":{"@id":"https:\/\/lapetite-patte.com\/produit\/pack-la-petite-patte\/#breadcrumb"},"inLanguage":"ary","potentialAction":[{"@type":"ReadAction","target":["https:\/\/lapetite-patte.com\/produit\/pack-la-petite-patte\/"]}]},{"@type":"ImageObject","inLanguage":"ary","@id":"https:\/\/lapetite-patte.com\/produit\/pack-la-petite-patte\/#primaryimage","url":"https:\/\/lapetite-patte.com\/wp-content\/uploads\/2022\/07\/Pack-Home-Page.jpg","contentUrl":"https:\/\/lapetite-patte.com\/wp-content\/uploads\/2022\/07\/Pack-Home-Page.jpg","width":961,"height":857},{"@type":"BreadcrumbList","@id":"https:\/\/lapetite-patte.com\/produit\/pack-la-petite-patte\/#breadcrumb","itemListElement":[{"@type":"ListItem","position":1,"name":"Home","item":"https:\/\/lapetite-patte.com\/"},{"@type":"ListItem","position":2,"name":"Nos produits","item":"https:\/\/lapetite-patte.com\/nos-produits\/"},{"@type":"ListItem","position":3,"name":"Pack LA PETITE PATTE"}]},{"@type":"WebSite","@id":"https:\/\/lapetite-patte.com\/#website","url":"https:\/\/lapetite-patte.com\/","name":"LAPETITE PATTE","description":"LAPETITE PATTE","potentialAction":[{"@type":"SearchAction","target":{"@type":"EntryPoint","urlTemplate":"https:\/\/lapetite-patte.com\/?s={search_term_string}"},"query-input":"required name=search_term_string"}],"inLanguage":"ary"}]}},"_links":{"self":[{"href":"https:\/\/lapetite-patte.com\/ar\/wp-json\/wp\/v2\/product\/5925","targetHints":{"allow":["GET"]}}],"collection":[{"href":"https:\/\/lapetite-patte.com\/ar\/wp-json\/wp\/v2\/product"}],"about":[{"href":"https:\/\/lapetite-patte.com\/ar\/wp-json\/wp\/v2\/types\/product"}],"version-history":[{"count":2,"href":"https:\/\/lapetite-patte.com\/ar\/wp-json\/wp\/v2\/product\/5925\/revisions"}],"predecessor-version":[{"id":7002,"href":"https:\/\/lapetite-patte.com\/ar\/wp-json\/wp\/v2\/product\/5925\/revisions\/7002"}],"wp:featuredmedia":[{"embeddable":true,"href":"https:\/\/lapetite-patte.com\/ar\/wp-json\/wp\/v2\/media\/6196"}],"wp:attachment":[{"href":"https:\/\/lapetite-patte.com\/ar\/wp-json\/wp\/v2\/media?parent=5925"}],"wp:term":[{"taxonomy":"product_cat","embeddable":true,"href":"https:\/\/lapetite-patte.com\/ar\/wp-json\/wp\/v2\/product_cat?post=5925"},{"taxonomy":"product_tag","embeddable":true,"href":"https:\/\/lapetite-patte.com\/ar\/wp-json\/wp\/v2\/product_tag?post=5925"}],"curies":[{"name":"wp","href":"https:\/\/api.w.org\/{rel}","templated":true}]}}