{"id":5345,"date":"2022-07-02T09:43:21","date_gmt":"2022-07-02T09:43:21","guid":{"rendered":"https:\/\/lapetite-patte.com\/?post_type=product&#038;p=5345"},"modified":"2025-06-13T12:52:42","modified_gmt":"2025-06-13T12:52:42","slug":"lait-hydratant","status":"publish","type":"product","link":"https:\/\/lapetite-patte.com\/ar\/product\/lait-hydratant\/","title":{"rendered":"\u062d\u0644\u064a\u0628 \u0645\u0631\u0637\u0628 \u0644\u0644\u062c\u0633\u0645"},"content":{"rendered":"<p><strong><span style=\"color: #0f2869;\"> \u0627\u0644\u0645\u0644\u0643\u064a\u0627\u062a : <\/span><\/strong><\/p>\n<p>Le lait hydratant b\u00e9b\u00e9 laisse la peau douce, souple et durablement hydrat\u00e9e. Sp\u00e9cialement destin\u00e9 \u00e0 l&#8217;hydratation du visage et du corps des nourrissons et des b\u00e9b\u00e9s. Il nourrit et adoucit, tout en apportant quotidiennement \u00e0 la peau d\u00e9licate du b\u00e9b\u00e9 et de l&#8217;enfant toute l&#8217;hydratation, l&#8217;apaisement et la douceur dont elle a besoin.<\/p>\n<p><strong><span style=\"color: #0f2869;\">\u0627\u0644\u0627\u0633\u062a\u062e\u062f\u0627\u0645\u0627\u062a : <\/span><\/strong><\/p>\n<p>\u0636\u0639\u064a\u0647 \u0645\u0631\u0629 \u0648\u0627\u062d\u062f\u0629 \u064a\u0648\u0645\u064a\u0627\u064b \u0639\u0644\u0649 \u0643\u0627\u0645\u0644 \u0627\u0644\u062c\u0633\u0645 \u0628\u062d\u0631\u0643\u0627\u062a \u062f\u0627\u0626\u0631\u064a\u0629 \u062d\u062a\u0649 \u064a\u062a\u0645 \u0627\u0645\u062a\u0635\u0627\u0635 \u0627\u0644\u0645\u0646\u062a\u062c\u060c \u0639\u0644\u0649 \u0628\u0634\u0631\u0629 \u062c\u0627\u0641\u0629 \u0648\u0646\u0638\u064a\u0641\u0629.<\/p>\n<p><strong><span style=\"color: #0f2869;\">\u0627\u062d\u062a\u064a\u0627\u0637\u0627\u062a:<\/span><\/strong><\/p>\n<p>\u064a\u062d\u0641\u0638 \u0628\u0639\u064a\u062f\u0627 \u0639\u0646 \u0645\u062a\u0646\u0627\u0648\u0644 \u0627\u0644\u0623\u0637\u0641\u0627\u0644.<\/p>\n<p>\u0644\u0627 \u0627\u0628\u062a\u0644\u0627\u0639.<\/p>\n<p>\u062a\u062c\u0646\u0628 \u0645\u0644\u0627\u0645\u0633\u0629 \u0627\u0644\u0639\u064a\u0646\u064a\u0646.<\/p>\n<p><strong><span style=\"color: #0f2869;\">\u0627\u0644\u062a\u062e\u0632\u064a\u0646 : <\/span><\/strong><\/p>\n<p>\u064a\u062d\u0641\u0638 \u0641\u064a \u0645\u0643\u0627\u0646 \u062c\u0627\u0641\u060c \u0628\u0639\u064a\u062f\u0627\u064b \u0639\u0646 \u0627\u0644\u062d\u0631\u0627\u0631\u0629 \u0648\u0627\u0644\u0636\u0648\u0621.<br \/>\n\u0641\u062a\u0631\u0629 \u0627\u0644\u0627\u0633\u062a\u062e\u062f\u0627\u0645 \u0627\u0644\u0645\u0648\u0635\u0649 \u0628\u0647\u0627 \u0647\u064a 12 \u0634\u0647\u0631\u064b\u0627 \u0628\u0639\u062f \u0627\u0644\u0641\u062a\u062d.<\/p>\n<p><strong><span style=\"color: #0f2869;\">\u0627\u0644\u0645\u0643\u0648\u0646\u0627\u062a :<\/span><\/strong><\/p>\n<p>\u0623\u0643\u0648\u0627\u060c \u0643\u062d\u0648\u0644 \u0633\u064a\u062a\u0631\u064a\u0644 (\u0648) \u0633\u064a\u062a\u0631\u064a\u062b-20\u060c \u0643\u0627\u0628\u0631\u064a\u0644\u064a\u0643\/\u0643\u0627\u0628\u0631\u064a\u0643 \u062b\u0644\u0627\u062b\u064a \u0627\u0644\u063a\u0644\u064a\u0633\u0631\u064a\u062f\u060c \u062c\u0644\u064a\u0633\u0631\u064a\u0646\u060c \u0632\u064a\u062a \u0646\u0648\u0627\u0629 \u0623\u0631\u063a\u0627\u0646\u064a\u0627 \u0633\u0628\u064a\u0646\u0648\u0632\u0627\u060c \u062d\u0627\u0645\u0636 \u062f\u0647\u0646\u064a\u060c \u0632\u064a\u062a \u0628\u0631\u0648\u0646\u0648\u0633 \u0623\u0645\u064a\u063a\u062f\u0627\u0644\u0648\u0633 \u062f\u0648\u0644\u0633\u064a\u0633\u060c \u0639\u0635\u064a\u0631 \u0623\u0648\u0631\u0627\u0642 \u0635\u0628\u0627\u0631 \u0628\u0627\u0631\u0628\u0627\u062f\u0646\u0633\u064a\u0633\u060c \u062c\u0644\u064a\u0633\u064a\u0631\u064a\u0644 \u0633\u062a\u064a\u0631\u0627\u062a\u060c \u0643\u062d\u0648\u0644 \u0627\u0644\u0628\u0646\u0632\u064a\u0644 (\u0648) \u062d\u0645\u0636 \u062f\u064a\u0647\u064a\u062f\u0631\u0648\u0627\u0633\u064a\u062a\u064a\u0643\u060c \u0632\u0647\u0631\u0629 \u0622\u0630\u0631\u064a\u0648\u0646 \u0627\u0644\u0645\u062e\u0632\u0646\u064a\u0629. \u0645\u0633\u062a\u062e\u0644\u0635\u060c \u0632\u0628\u062f\u0629 \u0628\u0648\u062a\u064a\u0631\u0648\u0633\u0628\u064a\u0631\u0645\u0648\u0645 \u0628\u0627\u0631\u0643\u064a (\u0627\u0644\u0634\u064a\u0627)\u060c \u0639\u0637\u0631\u060c \u0623\u0633\u064a\u062a\u0627\u062a \u0627\u0644\u062a\u0648\u0643\u0648\u0641\u064a\u0631\u0644.<\/p>","protected":false},"excerpt":{"rendered":"<p>Le lait hydratant b\u00e9b\u00e9 laisse la peau douce, souple et durablement hydrat\u00e9e. Sp\u00e9cialement destin\u00e9 \u00e0 l&#8217;hydratation du visage et du corps des nourrissons et des b\u00e9b\u00e9s. Il nourrit et adoucit, tout en apportant quotidiennement \u00e0 la peau d\u00e9licate du b\u00e9b\u00e9 et de l&#8217;enfant toute l&#8217;hydratation, l&#8217;apaisement et la douceur dont elle a besoin.<\/p>\n<p><strong><span style=\"color: #0f2869;\">Contenance : 200 ml<\/span><\/strong><\/p>","protected":false},"featured_media":5556,"template":"","meta":{"_glsr_average":0,"_glsr_ranking":0,"_glsr_reviews":0},"product_cat":[68],"product_tag":[],"class_list":{"0":"post-5345","1":"product","2":"type-product","3":"status-publish","4":"has-post-thumbnail","6":"product_cat-la-petite-patte-bebe","9":"instock","10":"sale","11":"shipping-taxable","12":"purchasable","13":"product-type-simple"},"yoast_head":"<!-- This site is optimized with the Yoast SEO plugin v22.3 - https:\/\/yoast.com\/wordpress\/plugins\/seo\/ -->\n<title>Lait hydratant - LAPETITE PATTE<\/title>\n<meta name=\"robots\" content=\"index, follow, max-snippet:-1, max-image-preview:large, max-video-preview:-1\" \/>\n<link rel=\"canonical\" href=\"https:\/\/lapetite-patte.com\/ar\/product\/lait-hydratant\/\" \/>\n<meta property=\"og:locale\" content=\"ar_AR\" \/>\n<meta property=\"og:type\" content=\"article\" \/>\n<meta property=\"og:title\" content=\"Lait hydratant - LAPETITE PATTE\" \/>\n<meta property=\"og:description\" content=\"Le lait hydratant b\u00e9b\u00e9 laisse la peau douce, souple et durablement hydrat\u00e9e. Sp\u00e9cialement destin\u00e9 \u00e0 l&#039;hydratation du visage et du corps des nourrissons et des b\u00e9b\u00e9s. Il nourrit et adoucit, tout en apportant quotidiennement \u00e0 la peau d\u00e9licate du b\u00e9b\u00e9 et de l&#039;enfant toute l&#039;hydratation, l&#039;apaisement et la douceur dont elle a besoin.  Contenance : 200 ml\" \/>\n<meta property=\"og:url\" content=\"https:\/\/lapetite-patte.com\/ar\/product\/lait-hydratant\/\" \/>\n<meta property=\"og:site_name\" content=\"LAPETITE PATTE\" \/>\n<meta property=\"article:modified_time\" content=\"2025-06-13T12:52:42+00:00\" \/>\n<meta property=\"og:image\" content=\"https:\/\/lapetite-patte.com\/wp-content\/uploads\/2022\/07\/Lait-BB.jpg\" \/>\n\t<meta property=\"og:image:width\" content=\"1000\" \/>\n\t<meta property=\"og:image:height\" content=\"1000\" \/>\n\t<meta property=\"og:image:type\" content=\"image\/jpeg\" \/>\n<meta name=\"twitter:card\" content=\"summary_large_image\" \/>\n<meta name=\"twitter:label1\" content=\"Est. reading time\" \/>\n\t<meta name=\"twitter:data1\" content=\"2 minutes\" \/>\n<script type=\"application\/ld+json\" class=\"yoast-schema-graph\">{\"@context\":\"https:\/\/schema.org\",\"@graph\":[{\"@type\":\"WebPage\",\"@id\":\"https:\/\/lapetite-patte.com\/produit\/lait-hydratant\/\",\"url\":\"https:\/\/lapetite-patte.com\/produit\/lait-hydratant\/\",\"name\":\"Lait hydratant - LAPETITE PATTE\",\"isPartOf\":{\"@id\":\"https:\/\/lapetite-patte.com\/#website\"},\"primaryImageOfPage\":{\"@id\":\"https:\/\/lapetite-patte.com\/produit\/lait-hydratant\/#primaryimage\"},\"image\":{\"@id\":\"https:\/\/lapetite-patte.com\/produit\/lait-hydratant\/#primaryimage\"},\"thumbnailUrl\":\"https:\/\/lapetite-patte.com\/wp-content\/uploads\/2022\/07\/Lait-BB.jpg\",\"datePublished\":\"2022-07-02T09:43:21+00:00\",\"dateModified\":\"2025-06-13T12:52:42+00:00\",\"breadcrumb\":{\"@id\":\"https:\/\/lapetite-patte.com\/produit\/lait-hydratant\/#breadcrumb\"},\"inLanguage\":\"ary\",\"potentialAction\":[{\"@type\":\"ReadAction\",\"target\":[\"https:\/\/lapetite-patte.com\/produit\/lait-hydratant\/\"]}]},{\"@type\":\"ImageObject\",\"inLanguage\":\"ary\",\"@id\":\"https:\/\/lapetite-patte.com\/produit\/lait-hydratant\/#primaryimage\",\"url\":\"https:\/\/lapetite-patte.com\/wp-content\/uploads\/2022\/07\/Lait-BB.jpg\",\"contentUrl\":\"https:\/\/lapetite-patte.com\/wp-content\/uploads\/2022\/07\/Lait-BB.jpg\",\"width\":1000,\"height\":1000},{\"@type\":\"BreadcrumbList\",\"@id\":\"https:\/\/lapetite-patte.com\/produit\/lait-hydratant\/#breadcrumb\",\"itemListElement\":[{\"@type\":\"ListItem\",\"position\":1,\"name\":\"Home\",\"item\":\"https:\/\/lapetite-patte.com\/\"},{\"@type\":\"ListItem\",\"position\":2,\"name\":\"Nos produits\",\"item\":\"https:\/\/lapetite-patte.com\/nos-produits\/\"},{\"@type\":\"ListItem\",\"position\":3,\"name\":\"Lait hydratant\"}]},{\"@type\":\"WebSite\",\"@id\":\"https:\/\/lapetite-patte.com\/#website\",\"url\":\"https:\/\/lapetite-patte.com\/\",\"name\":\"LAPETITE PATTE\",\"description\":\"LAPETITE PATTE\",\"potentialAction\":[{\"@type\":\"SearchAction\",\"target\":{\"@type\":\"EntryPoint\",\"urlTemplate\":\"https:\/\/lapetite-patte.com\/?s={search_term_string}\"},\"query-input\":\"required name=search_term_string\"}],\"inLanguage\":\"ary\"}]}<\/script>\n<!-- \/ Yoast SEO plugin. -->","yoast_head_json":{"title":"Lait hydratant - LAPETITE PATTE","robots":{"index":"index","follow":"follow","max-snippet":"max-snippet:-1","max-image-preview":"max-image-preview:large","max-video-preview":"max-video-preview:-1"},"canonical":"https:\/\/lapetite-patte.com\/ar\/product\/lait-hydratant\/","og_locale":"ar_AR","og_type":"article","og_title":"Lait hydratant - LAPETITE PATTE","og_description":"Le lait hydratant b\u00e9b\u00e9 laisse la peau douce, souple et durablement hydrat\u00e9e. Sp\u00e9cialement destin\u00e9 \u00e0 l'hydratation du visage et du corps des nourrissons et des b\u00e9b\u00e9s. Il nourrit et adoucit, tout en apportant quotidiennement \u00e0 la peau d\u00e9licate du b\u00e9b\u00e9 et de l'enfant toute l'hydratation, l'apaisement et la douceur dont elle a besoin.  Contenance : 200 ml","og_url":"https:\/\/lapetite-patte.com\/ar\/product\/lait-hydratant\/","og_site_name":"LAPETITE PATTE","article_modified_time":"2025-06-13T12:52:42+00:00","og_image":[{"width":1000,"height":1000,"url":"https:\/\/lapetite-patte.com\/wp-content\/uploads\/2022\/07\/Lait-BB.jpg","type":"image\/jpeg"}],"twitter_card":"summary_large_image","twitter_misc":{"Est. reading time":"2 minutes"},"schema":{"@context":"https:\/\/schema.org","@graph":[{"@type":"WebPage","@id":"https:\/\/lapetite-patte.com\/produit\/lait-hydratant\/","url":"https:\/\/lapetite-patte.com\/produit\/lait-hydratant\/","name":"Lait hydratant - LAPETITE PATTE","isPartOf":{"@id":"https:\/\/lapetite-patte.com\/#website"},"primaryImageOfPage":{"@id":"https:\/\/lapetite-patte.com\/produit\/lait-hydratant\/#primaryimage"},"image":{"@id":"https:\/\/lapetite-patte.com\/produit\/lait-hydratant\/#primaryimage"},"thumbnailUrl":"https:\/\/lapetite-patte.com\/wp-content\/uploads\/2022\/07\/Lait-BB.jpg","datePublished":"2022-07-02T09:43:21+00:00","dateModified":"2025-06-13T12:52:42+00:00","breadcrumb":{"@id":"https:\/\/lapetite-patte.com\/produit\/lait-hydratant\/#breadcrumb"},"inLanguage":"ary","potentialAction":[{"@type":"ReadAction","target":["https:\/\/lapetite-patte.com\/produit\/lait-hydratant\/"]}]},{"@type":"ImageObject","inLanguage":"ary","@id":"https:\/\/lapetite-patte.com\/produit\/lait-hydratant\/#primaryimage","url":"https:\/\/lapetite-patte.com\/wp-content\/uploads\/2022\/07\/Lait-BB.jpg","contentUrl":"https:\/\/lapetite-patte.com\/wp-content\/uploads\/2022\/07\/Lait-BB.jpg","width":1000,"height":1000},{"@type":"BreadcrumbList","@id":"https:\/\/lapetite-patte.com\/produit\/lait-hydratant\/#breadcrumb","itemListElement":[{"@type":"ListItem","position":1,"name":"Home","item":"https:\/\/lapetite-patte.com\/"},{"@type":"ListItem","position":2,"name":"Nos produits","item":"https:\/\/lapetite-patte.com\/nos-produits\/"},{"@type":"ListItem","position":3,"name":"Lait hydratant"}]},{"@type":"WebSite","@id":"https:\/\/lapetite-patte.com\/#website","url":"https:\/\/lapetite-patte.com\/","name":"LAPETITE PATTE","description":"LAPETITE PATTE","potentialAction":[{"@type":"SearchAction","target":{"@type":"EntryPoint","urlTemplate":"https:\/\/lapetite-patte.com\/?s={search_term_string}"},"query-input":"required name=search_term_string"}],"inLanguage":"ary"}]}},"_links":{"self":[{"href":"https:\/\/lapetite-patte.com\/ar\/wp-json\/wp\/v2\/product\/5345","targetHints":{"allow":["GET"]}}],"collection":[{"href":"https:\/\/lapetite-patte.com\/ar\/wp-json\/wp\/v2\/product"}],"about":[{"href":"https:\/\/lapetite-patte.com\/ar\/wp-json\/wp\/v2\/types\/product"}],"version-history":[{"count":3,"href":"https:\/\/lapetite-patte.com\/ar\/wp-json\/wp\/v2\/product\/5345\/revisions"}],"predecessor-version":[{"id":7096,"href":"https:\/\/lapetite-patte.com\/ar\/wp-json\/wp\/v2\/product\/5345\/revisions\/7096"}],"wp:featuredmedia":[{"embeddable":true,"href":"https:\/\/lapetite-patte.com\/ar\/wp-json\/wp\/v2\/media\/5556"}],"wp:attachment":[{"href":"https:\/\/lapetite-patte.com\/ar\/wp-json\/wp\/v2\/media?parent=5345"}],"wp:term":[{"taxonomy":"product_cat","embeddable":true,"href":"https:\/\/lapetite-patte.com\/ar\/wp-json\/wp\/v2\/product_cat?post=5345"},{"taxonomy":"product_tag","embeddable":true,"href":"https:\/\/lapetite-patte.com\/ar\/wp-json\/wp\/v2\/product_tag?post=5345"}],"curies":[{"name":"wp","href":"https:\/\/api.w.org\/{rel}","templated":true}]}}