{"id":5343,"date":"2022-07-02T09:42:20","date_gmt":"2022-07-02T09:42:20","guid":{"rendered":"https:\/\/lapetite-patte.com\/?post_type=product&#038;p=5343"},"modified":"2025-06-13T12:54:28","modified_gmt":"2025-06-13T12:54:28","slug":"creme-de-change","status":"publish","type":"product","link":"https:\/\/lapetite-patte.com\/ar\/product\/creme-de-change\/","title":{"rendered":"\u0643\u0631\u064a\u0645 \u062a\u063a\u064a\u064a\u0631 \u0627\u0644\u062d\u0641\u0627\u0636\u0627\u062a"},"content":{"rendered":"<p><strong><span style=\"color: #0f2869;\"> \u0627\u0644\u0645\u0644\u0643\u064a\u0627\u062a : <\/span><\/strong><\/p>\n<p>La cr\u00e8me de change r\u00e9pare et soulage efficacement les irritations et les rougeurs du si\u00e8ge chez le nourrisson, elle pr\u00e9vient l&#8217;apparition des rougeurs \u00e0 chaque changement de couche gr\u00e2ce \u00e0 sa formule innovante haute tol\u00e9rance.<\/p>\n<p><strong><span style=\"color: #0f2869;\">\u0627\u0644\u0627\u0633\u062a\u062e\u062f\u0627\u0645\u0627\u062a : <\/span><\/strong><\/p>\n<p>\u00c0 chaque change, apr\u00e8s une toilette soigneuse et sur une peau parfaitement s\u00e8che, appliquer en couche \u00e9paisse sur les fesses et dans les plis de l&#8217;aine en insistant sur les zones irrit\u00e9es et les rougeurs.<\/p>\n<p><strong><span style=\"color: #0f2869;\">\u0627\u062d\u062a\u064a\u0627\u0637\u0627\u062a:<\/span><\/strong><\/p>\n<p>\u064a\u062d\u0641\u0638 \u0628\u0639\u064a\u062f\u0627 \u0639\u0646 \u0645\u062a\u0646\u0627\u0648\u0644 \u0627\u0644\u0623\u0637\u0641\u0627\u0644.<\/p>\n<p>\u0644\u0627 \u0627\u0628\u062a\u0644\u0627\u0639.<\/p>\n<p>\u062a\u062c\u0646\u0628 \u0645\u0644\u0627\u0645\u0633\u0629 \u0627\u0644\u0639\u064a\u0646\u064a\u0646.<\/p>\n<p><strong><span style=\"color: #0f2869;\">\u0627\u0644\u062a\u062e\u0632\u064a\u0646 : <\/span><\/strong><\/p>\n<p>\u064a\u062d\u0641\u0638 \u0641\u064a \u0645\u0643\u0627\u0646 \u062c\u0627\u0641\u060c \u0628\u0639\u064a\u062f\u0627\u064b \u0639\u0646 \u0627\u0644\u062d\u0631\u0627\u0631\u0629 \u0648\u0627\u0644\u0636\u0648\u0621.<br \/>\n\u0641\u062a\u0631\u0629 \u0627\u0644\u0627\u0633\u062a\u062e\u062f\u0627\u0645 \u0627\u0644\u0645\u0648\u0635\u0649 \u0628\u0647\u0627 \u0647\u064a 12 \u0634\u0647\u0631\u064b\u0627 \u0628\u0639\u062f \u0627\u0644\u0641\u062a\u062d.<\/p>\n<p><strong><span style=\"color: #0f2869;\">\u0627\u0644\u0645\u0643\u0648\u0646\u0627\u062a :<\/span><\/strong><\/p>\n<p>\u0623\u0643\u0648\u0627\u060c \u0643\u062d\u0648\u0644 \u0633\u064a\u062a\u0631\u064a\u0644 \u0648\u0628\u0648\u0644\u064a\u0633\u0648\u0631\u0628\u0627\u062a 60\u060c \u0628\u0627\u0631\u0627\u0641\u064a\u0646\u0648\u0645 \u0633\u0627\u0626\u0644\u060c \u0641\u0627\u0632\u0644\u064a\u0646\u060c \u0623\u0643\u0633\u064a\u062f \u0627\u0644\u0632\u0646\u0643\u060c \u062c\u0644\u064a\u0633\u0631\u064a\u0646\u060c \u062d\u0627\u0645\u0636 \u062f\u0647\u0646\u064a\u060c \u0628\u0648\u0644\u064a\u0633\u0648\u0631\u0628\u0627\u062a 80\u060c \u0633\u064a\u062a\u064a\u0631\u062b-20\u060c \u0643\u062d\u0648\u0644 \u0627\u0644\u0628\u0646\u0632\u064a\u0644 (\u0648) \u062d\u0645\u0636 \u062f\u064a\u0647\u064a\u062f\u0631\u0648\u0627\u0633\u064a\u062a\u064a\u0643\u060c \u0623\u0633\u064a\u062a\u0627\u062a \u0627\u0644\u062a\u0648\u0643\u0648\u0641\u064a\u0631\u0644\u060c \u0639\u0637\u0631\u060c \u063a\u0644\u0648\u062a\u0627\u0645\u0627\u062a \u0633\u062a\u064a\u0627\u0631\u0648\u064a\u0644 \u0627\u0644\u0635\u0648\u062f\u064a\u0648\u0645\u060c \u0635\u0645\u063a \u0627\u0644\u0632\u0627\u0646\u062b\u0627\u0646.<\/p>","protected":false},"excerpt":{"rendered":"<p>\u0643\u0631\u064a\u0645 \u062a\u063a\u064a\u064a\u0631 \u0627\u0644\u062d\u0641\u0627\u0636\u0627\u062a \u064a\u0639\u0627\u0644\u062c  \u0628\u0634\u0643\u0644 \u0641\u0639\u0627\u0644 \u0648\u064a\u062e\u0641\u0641 \u062a\u0647\u064a\u062c \u0648\u0627\u062d\u0645\u0631\u0627\u0631 \u0627\u0644\u0645\u0646\u0627\u0637\u0642 \u0627\u0644\u062d\u0633\u0627\u0633\u0629 \u0639\u0646\u062f \u0627\u0644\u0631\u0636\u0639 \u060c \u0648\u064a\u0645\u0646\u0639 \u0638\u0647\u0648\u0631 \u0627\u0644\u0627\u062d\u0645\u0631\u0627\u0631 \u0639\u0646\u062f \u0643\u0644 \u062a\u063a\u064a\u064a\u0631 \u0644\u0644\u062d\u0641\u0627\u0636\u0627\u062a \u0628\u0641\u0636\u0644 \u062a\u0631\u0643\u064a\u0628\u062a\u0647 \u0627\u0644\u0645\u0628\u062a\u0643\u0631\u0629 \u0639\u0627\u0644\u064a\u0629 \u0627\u0644\u062a\u062d\u0645\u0644.<\/p>\n<p><strong><span style=\"color: #0f2869;\">Contenance : 100 ml<\/span><\/strong><\/p>","protected":false},"featured_media":5557,"template":"","meta":{"_glsr_average":0,"_glsr_ranking":0,"_glsr_reviews":0},"product_cat":[68],"product_tag":[],"class_list":{"0":"post-5343","1":"product","2":"type-product","3":"status-publish","4":"has-post-thumbnail","6":"product_cat-la-petite-patte-bebe","9":"instock","10":"sale","11":"shipping-taxable","12":"purchasable","13":"product-type-simple"},"yoast_head":"<!-- This site is optimized with the Yoast SEO plugin v22.3 - https:\/\/yoast.com\/wordpress\/plugins\/seo\/ -->\n<title>Cr\u00e8me de change - LAPETITE PATTE<\/title>\n<meta name=\"robots\" content=\"index, follow, max-snippet:-1, max-image-preview:large, max-video-preview:-1\" \/>\n<link rel=\"canonical\" href=\"https:\/\/lapetite-patte.com\/ar\/product\/creme-de-change\/\" \/>\n<meta property=\"og:locale\" content=\"ar_AR\" \/>\n<meta property=\"og:type\" content=\"article\" \/>\n<meta property=\"og:title\" content=\"Cr\u00e8me de change - LAPETITE PATTE\" \/>\n<meta property=\"og:description\" content=\"La cr\u00e8me de change r\u00e9pare et soulage efficacement les irritations et les rougeurs du si\u00e8ge chez le nourrisson, elle pr\u00e9vient l\u2019apparition des rougeurs \u00e0 chaque changement de couche gr\u00e2ce \u00e0 sa formule innovante haute tol\u00e9rance.  Contenance : 100 ml\" \/>\n<meta property=\"og:url\" content=\"https:\/\/lapetite-patte.com\/ar\/product\/creme-de-change\/\" \/>\n<meta property=\"og:site_name\" content=\"LAPETITE PATTE\" \/>\n<meta property=\"article:modified_time\" content=\"2025-06-13T12:54:28+00:00\" \/>\n<meta property=\"og:image\" content=\"https:\/\/lapetite-patte.com\/wp-content\/uploads\/2022\/07\/Creme-BB.jpg\" \/>\n\t<meta property=\"og:image:width\" content=\"1000\" \/>\n\t<meta property=\"og:image:height\" content=\"1000\" \/>\n\t<meta property=\"og:image:type\" content=\"image\/jpeg\" \/>\n<meta name=\"twitter:card\" content=\"summary_large_image\" \/>\n<meta name=\"twitter:label1\" content=\"Est. reading time\" \/>\n\t<meta name=\"twitter:data1\" content=\"1 minute\" \/>\n<script type=\"application\/ld+json\" class=\"yoast-schema-graph\">{\"@context\":\"https:\/\/schema.org\",\"@graph\":[{\"@type\":\"WebPage\",\"@id\":\"https:\/\/lapetite-patte.com\/produit\/creme-de-change\/\",\"url\":\"https:\/\/lapetite-patte.com\/produit\/creme-de-change\/\",\"name\":\"Cr\u00e8me de change - LAPETITE PATTE\",\"isPartOf\":{\"@id\":\"https:\/\/lapetite-patte.com\/#website\"},\"primaryImageOfPage\":{\"@id\":\"https:\/\/lapetite-patte.com\/produit\/creme-de-change\/#primaryimage\"},\"image\":{\"@id\":\"https:\/\/lapetite-patte.com\/produit\/creme-de-change\/#primaryimage\"},\"thumbnailUrl\":\"https:\/\/lapetite-patte.com\/wp-content\/uploads\/2022\/07\/Creme-BB.jpg\",\"datePublished\":\"2022-07-02T09:42:20+00:00\",\"dateModified\":\"2025-06-13T12:54:28+00:00\",\"breadcrumb\":{\"@id\":\"https:\/\/lapetite-patte.com\/produit\/creme-de-change\/#breadcrumb\"},\"inLanguage\":\"ary\",\"potentialAction\":[{\"@type\":\"ReadAction\",\"target\":[\"https:\/\/lapetite-patte.com\/produit\/creme-de-change\/\"]}]},{\"@type\":\"ImageObject\",\"inLanguage\":\"ary\",\"@id\":\"https:\/\/lapetite-patte.com\/produit\/creme-de-change\/#primaryimage\",\"url\":\"https:\/\/lapetite-patte.com\/wp-content\/uploads\/2022\/07\/Creme-BB.jpg\",\"contentUrl\":\"https:\/\/lapetite-patte.com\/wp-content\/uploads\/2022\/07\/Creme-BB.jpg\",\"width\":1000,\"height\":1000},{\"@type\":\"BreadcrumbList\",\"@id\":\"https:\/\/lapetite-patte.com\/produit\/creme-de-change\/#breadcrumb\",\"itemListElement\":[{\"@type\":\"ListItem\",\"position\":1,\"name\":\"Home\",\"item\":\"https:\/\/lapetite-patte.com\/\"},{\"@type\":\"ListItem\",\"position\":2,\"name\":\"Nos produits\",\"item\":\"https:\/\/lapetite-patte.com\/nos-produits\/\"},{\"@type\":\"ListItem\",\"position\":3,\"name\":\"Cr\u00e8me de change\"}]},{\"@type\":\"WebSite\",\"@id\":\"https:\/\/lapetite-patte.com\/#website\",\"url\":\"https:\/\/lapetite-patte.com\/\",\"name\":\"LAPETITE PATTE\",\"description\":\"LAPETITE PATTE\",\"potentialAction\":[{\"@type\":\"SearchAction\",\"target\":{\"@type\":\"EntryPoint\",\"urlTemplate\":\"https:\/\/lapetite-patte.com\/?s={search_term_string}\"},\"query-input\":\"required name=search_term_string\"}],\"inLanguage\":\"ary\"}]}<\/script>\n<!-- \/ Yoast SEO plugin. -->","yoast_head_json":{"title":"Cr\u00e8me de change - LAPETITE PATTE","robots":{"index":"index","follow":"follow","max-snippet":"max-snippet:-1","max-image-preview":"max-image-preview:large","max-video-preview":"max-video-preview:-1"},"canonical":"https:\/\/lapetite-patte.com\/ar\/product\/creme-de-change\/","og_locale":"ar_AR","og_type":"article","og_title":"Cr\u00e8me de change - LAPETITE PATTE","og_description":"La cr\u00e8me de change r\u00e9pare et soulage efficacement les irritations et les rougeurs du si\u00e8ge chez le nourrisson, elle pr\u00e9vient l\u2019apparition des rougeurs \u00e0 chaque changement de couche gr\u00e2ce \u00e0 sa formule innovante haute tol\u00e9rance.  Contenance : 100 ml","og_url":"https:\/\/lapetite-patte.com\/ar\/product\/creme-de-change\/","og_site_name":"LAPETITE PATTE","article_modified_time":"2025-06-13T12:54:28+00:00","og_image":[{"width":1000,"height":1000,"url":"https:\/\/lapetite-patte.com\/wp-content\/uploads\/2022\/07\/Creme-BB.jpg","type":"image\/jpeg"}],"twitter_card":"summary_large_image","twitter_misc":{"Est. reading time":"1 minute"},"schema":{"@context":"https:\/\/schema.org","@graph":[{"@type":"WebPage","@id":"https:\/\/lapetite-patte.com\/produit\/creme-de-change\/","url":"https:\/\/lapetite-patte.com\/produit\/creme-de-change\/","name":"Cr\u00e8me de change - LAPETITE PATTE","isPartOf":{"@id":"https:\/\/lapetite-patte.com\/#website"},"primaryImageOfPage":{"@id":"https:\/\/lapetite-patte.com\/produit\/creme-de-change\/#primaryimage"},"image":{"@id":"https:\/\/lapetite-patte.com\/produit\/creme-de-change\/#primaryimage"},"thumbnailUrl":"https:\/\/lapetite-patte.com\/wp-content\/uploads\/2022\/07\/Creme-BB.jpg","datePublished":"2022-07-02T09:42:20+00:00","dateModified":"2025-06-13T12:54:28+00:00","breadcrumb":{"@id":"https:\/\/lapetite-patte.com\/produit\/creme-de-change\/#breadcrumb"},"inLanguage":"ary","potentialAction":[{"@type":"ReadAction","target":["https:\/\/lapetite-patte.com\/produit\/creme-de-change\/"]}]},{"@type":"ImageObject","inLanguage":"ary","@id":"https:\/\/lapetite-patte.com\/produit\/creme-de-change\/#primaryimage","url":"https:\/\/lapetite-patte.com\/wp-content\/uploads\/2022\/07\/Creme-BB.jpg","contentUrl":"https:\/\/lapetite-patte.com\/wp-content\/uploads\/2022\/07\/Creme-BB.jpg","width":1000,"height":1000},{"@type":"BreadcrumbList","@id":"https:\/\/lapetite-patte.com\/produit\/creme-de-change\/#breadcrumb","itemListElement":[{"@type":"ListItem","position":1,"name":"Home","item":"https:\/\/lapetite-patte.com\/"},{"@type":"ListItem","position":2,"name":"Nos produits","item":"https:\/\/lapetite-patte.com\/nos-produits\/"},{"@type":"ListItem","position":3,"name":"Cr\u00e8me de change"}]},{"@type":"WebSite","@id":"https:\/\/lapetite-patte.com\/#website","url":"https:\/\/lapetite-patte.com\/","name":"LAPETITE PATTE","description":"LAPETITE PATTE","potentialAction":[{"@type":"SearchAction","target":{"@type":"EntryPoint","urlTemplate":"https:\/\/lapetite-patte.com\/?s={search_term_string}"},"query-input":"required name=search_term_string"}],"inLanguage":"ary"}]}},"_links":{"self":[{"href":"https:\/\/lapetite-patte.com\/ar\/wp-json\/wp\/v2\/product\/5343","targetHints":{"allow":["GET"]}}],"collection":[{"href":"https:\/\/lapetite-patte.com\/ar\/wp-json\/wp\/v2\/product"}],"about":[{"href":"https:\/\/lapetite-patte.com\/ar\/wp-json\/wp\/v2\/types\/product"}],"version-history":[{"count":3,"href":"https:\/\/lapetite-patte.com\/ar\/wp-json\/wp\/v2\/product\/5343\/revisions"}],"predecessor-version":[{"id":7097,"href":"https:\/\/lapetite-patte.com\/ar\/wp-json\/wp\/v2\/product\/5343\/revisions\/7097"}],"wp:featuredmedia":[{"embeddable":true,"href":"https:\/\/lapetite-patte.com\/ar\/wp-json\/wp\/v2\/media\/5557"}],"wp:attachment":[{"href":"https:\/\/lapetite-patte.com\/ar\/wp-json\/wp\/v2\/media?parent=5343"}],"wp:term":[{"taxonomy":"product_cat","embeddable":true,"href":"https:\/\/lapetite-patte.com\/ar\/wp-json\/wp\/v2\/product_cat?post=5343"},{"taxonomy":"product_tag","embeddable":true,"href":"https:\/\/lapetite-patte.com\/ar\/wp-json\/wp\/v2\/product_tag?post=5343"}],"curies":[{"name":"wp","href":"https:\/\/api.w.org\/{rel}","templated":true}]}}