{"id":5341,"date":"2022-07-02T09:41:32","date_gmt":"2022-07-02T09:41:32","guid":{"rendered":"https:\/\/lapetite-patte.com\/?post_type=product&#038;p=5341"},"modified":"2025-06-13T12:56:21","modified_gmt":"2025-06-13T12:56:21","slug":"gel-nettoyant-corps-et-cheveux-pour-bebe","status":"publish","type":"product","link":"https:\/\/lapetite-patte.com\/ar\/product\/gel-nettoyant-corps-et-cheveux-pour-bebe\/","title":{"rendered":"\u062c\u0644 \u0645\u0646\u0638\u0641 \u0644\u0644\u062c\u0633\u0645 \u0648\u0627\u0644\u0634\u0639\u0631"},"content":{"rendered":"<p><strong><span style=\"color: #0f2869;\"> \u0627\u0644\u0645\u0644\u0643\u064a\u0627\u062a : <\/span><\/strong><\/p>\n<p>\u062c\u0644 \u062a\u0646\u0638\u064a\u0641 \u0627\u0644\u062c\u0633\u0645 \u0648\u0627\u0644\u0634\u0639\u0631 \u0639\u0628\u0627\u0631\u0629 \u0639\u0646 \u0639\u0646\u0627\u064a\u0629 \u062a\u0633\u0645\u062d \u0628\u062a\u0646\u0638\u064a\u0641 \u0628\u0634\u0631\u0629 \u0627\u0644\u0637\u0641\u0644 \u0648\u0634\u0639\u0631\u0647 \u0628\u0644\u0637\u0641\u060c \u0645\u0639 \u062a\u0648\u0641\u064a\u0631 \u0627\u0644\u062a\u0631\u0637\u064a\u0628 \u0648\u0627\u0644\u062d\u0645\u0627\u064a\u0629 \u0644\u0644\u0628\u0634\u0631\u0629 \u0628\u0641\u0636\u0644 \u0641\u0648\u0627\u0626\u062f \u0627\u0644\u0639\u0633\u0644 \u0648\u062e\u0635\u0627\u0626\u0635\u0647 \u0627\u0644\u0637\u0628\u064a\u0639\u064a\u0629 \u0627\u0644\u0645\u0644\u0637\u0651\u0641\u0629 \u0648\u0627\u0644\u0645\u062c\u062f\u062f\u0629 \u0644\u0644\u0628\u0634\u0631\u0629.<\/p>\n<p><strong><span style=\"color: #0f2869;\">\u0627\u0644\u0627\u0633\u062a\u062e\u062f\u0627\u0645\u0627\u062a : <\/span><\/strong><\/p>\n<p>\u0627\u0633\u0643\u0628\u064a \u062c\u0631\u0639\u0629 \u0645\u0646 \u062c\u0644 \u0627\u0644\u062a\u0646\u0638\u064a\u0641 \u0641\u064a \u0631\u0627\u062d\u0629 \u064a\u062f\u0643 \u0648\u0627\u063a\u0633\u0644\u064a \u0627\u0644\u062c\u0633\u0645 \u0648\u0641\u0631\u0648\u0629 \u0627\u0644\u0631\u0623\u0633\u060c \u062b\u0645 \u0642\u0648\u0645\u064a \u0628\u0631\u063a\u0648\u0629 \u0627\u0644\u0645\u0646\u062a\u062c.<\/p>\n<p>\u062b\u0645 \u0627\u0634\u0637\u0641\u064a \u0627\u0644\u0639\u0644\u0627\u062c \u062c\u064a\u062f\u064b\u0627 \u0644\u0625\u0632\u0627\u0644\u0629 \u0627\u0644\u0631\u063a\u0648\u0629.<\/p>\n<p><strong><span style=\"color: #0f2869;\">\u0627\u062d\u062a\u064a\u0627\u0637\u0627\u062a:<\/span><\/strong><\/p>\n<p>\u064a\u062d\u0641\u0638 \u0628\u0639\u064a\u062f\u0627 \u0639\u0646 \u0645\u062a\u0646\u0627\u0648\u0644 \u0627\u0644\u0623\u0637\u0641\u0627\u0644.<\/p>\n<p><strong><span style=\"color: #0f2869;\">\u0627\u0644\u062a\u062e\u0632\u064a\u0646 : <\/span><\/strong><\/p>\n<p>\u0641\u062a\u0631\u0629 \u0627\u0644\u0627\u0633\u062a\u062e\u062f\u0627\u0645 \u0627\u0644\u0645\u0648\u0635\u0649 \u0628\u0647\u0627 \u0647\u064a 12 \u0634\u0647\u0631\u064b\u0627 \u0628\u0639\u062f \u0627\u0644\u0641\u062a\u062d.<\/p>\n<p><strong><span style=\"color: #0f2869;\">\u0627\u0644\u0645\u0643\u0648\u0646\u0627\u062a :<\/span><\/strong><\/p>\n<p>\u0623\u0643\u0648\u0627\u060c \u0643\u0628\u0631\u064a\u062a\u0627\u062a \u0644\u0648\u0631\u064a\u062b \u0627\u0644\u0635\u0648\u062f\u064a\u0648\u0645\u060c \u0628\u064a\u062a\u064a\u0646 \u0643\u0648\u0643\u0627\u0645\u064a\u062f\u0648\u0628\u0631\u0648\u0628\u064a\u0644\u060c \u062c\u0644\u064a\u0633\u0631\u064a\u0646\u060c \u0643\u0648\u0643\u0627\u0645\u064a\u062f DEA (\u0648) \u062c\u0644\u064a\u0633\u0631\u064a\u0646\u060c \u0628\u0648\u0644\u064a \u0643\u0648\u0627\u062a\u0631\u0646\u064a\u0648\u0645-7\u060c \u0639\u0635\u064a\u0631 \u0623\u0648\u0631\u0627\u0642 \u0635\u0628\u0627\u0631 \u0628\u0627\u0631\u0628\u0627\u062f\u0646\u0633\u064a\u0633\u060c \u0643\u0644\u0648\u0631\u064a\u062f \u0627\u0644\u0635\u0648\u062f\u064a\u0648\u0645\u060c \u0639\u0637\u0631\u060c \u0628\u0648\u0644\u064a\u0633\u0648\u0631\u0628\u0627\u062a 20\u060c \u0643\u062d\u0648\u0644 \u0628\u0646\u0632\u064a\u0644 (\u0648) \u062d\u0645\u0636 \u062f\u064a\u0647\u064a\u062f\u0631\u0648\u0627\u0633\u064a\u062a\u064a\u0643\u060c \u0633\u0648\u0631\u0628\u0627\u062a \u0627\u0644\u0628\u0648\u062a\u0627\u0633\u064a\u0648\u0645\u060c \u062d\u0627\u0645\u0636 \u0627\u0644\u0633\u062a\u0631\u064a\u0643.<\/p>","protected":false},"excerpt":{"rendered":"<p>\u062c\u0644 \u062a\u0646\u0638\u064a\u0641 \u0627\u0644\u062c\u0633\u0645 \u0648\u0627\u0644\u0634\u0639\u0631 \u0639\u0628\u0627\u0631\u0629 \u0639\u0646 \u0639\u0646\u0627\u064a\u0629 \u062a\u0633\u0645\u062d \u0628\u062a\u0646\u0638\u064a\u0641 \u0628\u0634\u0631\u0629 \u0627\u0644\u0637\u0641\u0644 \u0648\u0634\u0639\u0631\u0647 \u0628\u0644\u0637\u0641\u060c \u0645\u0639 \u062a\u0648\u0641\u064a\u0631 \u0627\u0644\u062a\u0631\u0637\u064a\u0628 \u0648\u0627\u0644\u062d\u0645\u0627\u064a\u0629 \u0644\u0644\u0628\u0634\u0631\u0629 \u0628\u0641\u0636\u0644 \u0641\u0648\u0627\u0626\u062f \u0627\u0644\u0639\u0633\u0644 \u0648\u062e\u0635\u0627\u0626\u0635\u0647 \u0627\u0644\u0637\u0628\u064a\u0639\u064a\u0629 \u0627\u0644\u0645\u0644\u0637\u0651\u0641\u0629 \u0648\u0627\u0644\u0645\u062c\u062f\u062f\u0629 \u0644\u0644\u0628\u0634\u0631\u0629.<\/p>\n<p><strong><span style=\"color: #0f2869;\">Contenance : 200 ml<\/span><\/strong><\/p>","protected":false},"featured_media":5558,"template":"","meta":{"_glsr_average":0,"_glsr_ranking":0,"_glsr_reviews":0},"product_cat":[68],"product_tag":[],"class_list":{"0":"post-5341","1":"product","2":"type-product","3":"status-publish","4":"has-post-thumbnail","6":"product_cat-la-petite-patte-bebe","9":"instock","10":"sale","11":"shipping-taxable","12":"purchasable","13":"product-type-simple"},"yoast_head":"<!-- This site is optimized with the Yoast SEO plugin v22.3 - https:\/\/yoast.com\/wordpress\/plugins\/seo\/ -->\n<title>Gel nettoyant corps et cheveux - LAPETITE PATTE<\/title>\n<meta name=\"robots\" content=\"index, follow, max-snippet:-1, max-image-preview:large, max-video-preview:-1\" \/>\n<link rel=\"canonical\" href=\"https:\/\/lapetite-patte.com\/ar\/product\/gel-nettoyant-corps-et-cheveux-pour-bebe\/\" \/>\n<meta property=\"og:locale\" content=\"ar_AR\" \/>\n<meta property=\"og:type\" content=\"article\" \/>\n<meta property=\"og:title\" content=\"Gel nettoyant corps et cheveux - LAPETITE PATTE\" \/>\n<meta property=\"og:description\" content=\"Le gel nettoyant corps et cheveux est un soin permettant de nettoyer en douceur le corps et les cheveux de b\u00e9b\u00e9 en offrant une hydratation et une protection pour la peau gr\u00e2ce aux bienfaits du miel pour la sant\u00e9 en g\u00e9n\u00e9ral en raison de ses vertus adoucissantes et r\u00e9g\u00e9n\u00e9ratrices pour la peau.  Contenance : 200 ml\" \/>\n<meta property=\"og:url\" content=\"https:\/\/lapetite-patte.com\/ar\/product\/gel-nettoyant-corps-et-cheveux-pour-bebe\/\" \/>\n<meta property=\"og:site_name\" content=\"LAPETITE PATTE\" \/>\n<meta property=\"article:modified_time\" content=\"2025-06-13T12:56:21+00:00\" \/>\n<meta property=\"og:image\" content=\"https:\/\/lapetite-patte.com\/wp-content\/uploads\/2022\/07\/Gel-NT.jpg\" \/>\n\t<meta property=\"og:image:width\" content=\"1000\" \/>\n\t<meta property=\"og:image:height\" content=\"1000\" \/>\n\t<meta property=\"og:image:type\" content=\"image\/jpeg\" \/>\n<meta name=\"twitter:card\" content=\"summary_large_image\" \/>\n<meta name=\"twitter:label1\" content=\"Est. reading time\" \/>\n\t<meta name=\"twitter:data1\" content=\"1 minute\" \/>\n<script type=\"application\/ld+json\" class=\"yoast-schema-graph\">{\"@context\":\"https:\/\/schema.org\",\"@graph\":[{\"@type\":\"WebPage\",\"@id\":\"https:\/\/lapetite-patte.com\/produit\/gel-nettoyant-corps-et-cheveux-pour-bebe\/\",\"url\":\"https:\/\/lapetite-patte.com\/produit\/gel-nettoyant-corps-et-cheveux-pour-bebe\/\",\"name\":\"Gel nettoyant corps et cheveux - LAPETITE PATTE\",\"isPartOf\":{\"@id\":\"https:\/\/lapetite-patte.com\/#website\"},\"primaryImageOfPage\":{\"@id\":\"https:\/\/lapetite-patte.com\/produit\/gel-nettoyant-corps-et-cheveux-pour-bebe\/#primaryimage\"},\"image\":{\"@id\":\"https:\/\/lapetite-patte.com\/produit\/gel-nettoyant-corps-et-cheveux-pour-bebe\/#primaryimage\"},\"thumbnailUrl\":\"https:\/\/lapetite-patte.com\/wp-content\/uploads\/2022\/07\/Gel-NT.jpg\",\"datePublished\":\"2022-07-02T09:41:32+00:00\",\"dateModified\":\"2025-06-13T12:56:21+00:00\",\"breadcrumb\":{\"@id\":\"https:\/\/lapetite-patte.com\/produit\/gel-nettoyant-corps-et-cheveux-pour-bebe\/#breadcrumb\"},\"inLanguage\":\"ary\",\"potentialAction\":[{\"@type\":\"ReadAction\",\"target\":[\"https:\/\/lapetite-patte.com\/produit\/gel-nettoyant-corps-et-cheveux-pour-bebe\/\"]}]},{\"@type\":\"ImageObject\",\"inLanguage\":\"ary\",\"@id\":\"https:\/\/lapetite-patte.com\/produit\/gel-nettoyant-corps-et-cheveux-pour-bebe\/#primaryimage\",\"url\":\"https:\/\/lapetite-patte.com\/wp-content\/uploads\/2022\/07\/Gel-NT.jpg\",\"contentUrl\":\"https:\/\/lapetite-patte.com\/wp-content\/uploads\/2022\/07\/Gel-NT.jpg\",\"width\":1000,\"height\":1000},{\"@type\":\"BreadcrumbList\",\"@id\":\"https:\/\/lapetite-patte.com\/produit\/gel-nettoyant-corps-et-cheveux-pour-bebe\/#breadcrumb\",\"itemListElement\":[{\"@type\":\"ListItem\",\"position\":1,\"name\":\"Home\",\"item\":\"https:\/\/lapetite-patte.com\/\"},{\"@type\":\"ListItem\",\"position\":2,\"name\":\"Nos produits\",\"item\":\"https:\/\/lapetite-patte.com\/nos-produits\/\"},{\"@type\":\"ListItem\",\"position\":3,\"name\":\"Gel nettoyant corps et cheveux\"}]},{\"@type\":\"WebSite\",\"@id\":\"https:\/\/lapetite-patte.com\/#website\",\"url\":\"https:\/\/lapetite-patte.com\/\",\"name\":\"LAPETITE PATTE\",\"description\":\"LAPETITE PATTE\",\"potentialAction\":[{\"@type\":\"SearchAction\",\"target\":{\"@type\":\"EntryPoint\",\"urlTemplate\":\"https:\/\/lapetite-patte.com\/?s={search_term_string}\"},\"query-input\":\"required name=search_term_string\"}],\"inLanguage\":\"ary\"}]}<\/script>\n<!-- \/ Yoast SEO plugin. -->","yoast_head_json":{"title":"Gel nettoyant corps et cheveux - LAPETITE PATTE","robots":{"index":"index","follow":"follow","max-snippet":"max-snippet:-1","max-image-preview":"max-image-preview:large","max-video-preview":"max-video-preview:-1"},"canonical":"https:\/\/lapetite-patte.com\/ar\/product\/gel-nettoyant-corps-et-cheveux-pour-bebe\/","og_locale":"ar_AR","og_type":"article","og_title":"Gel nettoyant corps et cheveux - LAPETITE PATTE","og_description":"Le gel nettoyant corps et cheveux est un soin permettant de nettoyer en douceur le corps et les cheveux de b\u00e9b\u00e9 en offrant une hydratation et une protection pour la peau gr\u00e2ce aux bienfaits du miel pour la sant\u00e9 en g\u00e9n\u00e9ral en raison de ses vertus adoucissantes et r\u00e9g\u00e9n\u00e9ratrices pour la peau.  Contenance : 200 ml","og_url":"https:\/\/lapetite-patte.com\/ar\/product\/gel-nettoyant-corps-et-cheveux-pour-bebe\/","og_site_name":"LAPETITE PATTE","article_modified_time":"2025-06-13T12:56:21+00:00","og_image":[{"width":1000,"height":1000,"url":"https:\/\/lapetite-patte.com\/wp-content\/uploads\/2022\/07\/Gel-NT.jpg","type":"image\/jpeg"}],"twitter_card":"summary_large_image","twitter_misc":{"Est. reading time":"1 minute"},"schema":{"@context":"https:\/\/schema.org","@graph":[{"@type":"WebPage","@id":"https:\/\/lapetite-patte.com\/produit\/gel-nettoyant-corps-et-cheveux-pour-bebe\/","url":"https:\/\/lapetite-patte.com\/produit\/gel-nettoyant-corps-et-cheveux-pour-bebe\/","name":"Gel nettoyant corps et cheveux - LAPETITE PATTE","isPartOf":{"@id":"https:\/\/lapetite-patte.com\/#website"},"primaryImageOfPage":{"@id":"https:\/\/lapetite-patte.com\/produit\/gel-nettoyant-corps-et-cheveux-pour-bebe\/#primaryimage"},"image":{"@id":"https:\/\/lapetite-patte.com\/produit\/gel-nettoyant-corps-et-cheveux-pour-bebe\/#primaryimage"},"thumbnailUrl":"https:\/\/lapetite-patte.com\/wp-content\/uploads\/2022\/07\/Gel-NT.jpg","datePublished":"2022-07-02T09:41:32+00:00","dateModified":"2025-06-13T12:56:21+00:00","breadcrumb":{"@id":"https:\/\/lapetite-patte.com\/produit\/gel-nettoyant-corps-et-cheveux-pour-bebe\/#breadcrumb"},"inLanguage":"ary","potentialAction":[{"@type":"ReadAction","target":["https:\/\/lapetite-patte.com\/produit\/gel-nettoyant-corps-et-cheveux-pour-bebe\/"]}]},{"@type":"ImageObject","inLanguage":"ary","@id":"https:\/\/lapetite-patte.com\/produit\/gel-nettoyant-corps-et-cheveux-pour-bebe\/#primaryimage","url":"https:\/\/lapetite-patte.com\/wp-content\/uploads\/2022\/07\/Gel-NT.jpg","contentUrl":"https:\/\/lapetite-patte.com\/wp-content\/uploads\/2022\/07\/Gel-NT.jpg","width":1000,"height":1000},{"@type":"BreadcrumbList","@id":"https:\/\/lapetite-patte.com\/produit\/gel-nettoyant-corps-et-cheveux-pour-bebe\/#breadcrumb","itemListElement":[{"@type":"ListItem","position":1,"name":"Home","item":"https:\/\/lapetite-patte.com\/"},{"@type":"ListItem","position":2,"name":"Nos produits","item":"https:\/\/lapetite-patte.com\/nos-produits\/"},{"@type":"ListItem","position":3,"name":"Gel nettoyant corps et cheveux"}]},{"@type":"WebSite","@id":"https:\/\/lapetite-patte.com\/#website","url":"https:\/\/lapetite-patte.com\/","name":"LAPETITE PATTE","description":"LAPETITE PATTE","potentialAction":[{"@type":"SearchAction","target":{"@type":"EntryPoint","urlTemplate":"https:\/\/lapetite-patte.com\/?s={search_term_string}"},"query-input":"required name=search_term_string"}],"inLanguage":"ary"}]}},"_links":{"self":[{"href":"https:\/\/lapetite-patte.com\/ar\/wp-json\/wp\/v2\/product\/5341","targetHints":{"allow":["GET"]}}],"collection":[{"href":"https:\/\/lapetite-patte.com\/ar\/wp-json\/wp\/v2\/product"}],"about":[{"href":"https:\/\/lapetite-patte.com\/ar\/wp-json\/wp\/v2\/types\/product"}],"version-history":[{"count":2,"href":"https:\/\/lapetite-patte.com\/ar\/wp-json\/wp\/v2\/product\/5341\/revisions"}],"predecessor-version":[{"id":7098,"href":"https:\/\/lapetite-patte.com\/ar\/wp-json\/wp\/v2\/product\/5341\/revisions\/7098"}],"wp:featuredmedia":[{"embeddable":true,"href":"https:\/\/lapetite-patte.com\/ar\/wp-json\/wp\/v2\/media\/5558"}],"wp:attachment":[{"href":"https:\/\/lapetite-patte.com\/ar\/wp-json\/wp\/v2\/media?parent=5341"}],"wp:term":[{"taxonomy":"product_cat","embeddable":true,"href":"https:\/\/lapetite-patte.com\/ar\/wp-json\/wp\/v2\/product_cat?post=5341"},{"taxonomy":"product_tag","embeddable":true,"href":"https:\/\/lapetite-patte.com\/ar\/wp-json\/wp\/v2\/product_tag?post=5341"}],"curies":[{"name":"wp","href":"https:\/\/api.w.org\/{rel}","templated":true}]}}